{"id":5216,"date":"2025-10-26T17:26:38","date_gmt":"2025-10-26T09:26:38","guid":{"rendered":"https:\/\/www.speechgenie.co\/politica-de-privacidad-de-iubenda\/"},"modified":"2026-02-01T17:23:59","modified_gmt":"2026-02-01T09:23:59","slug":"politica-de-privacidad-de-iubenda","status":"publish","type":"page","link":"https:\/\/s2026.instawp.co\/es\/politica-de-privacidad-de-iubenda\/","title":{"rendered":"Pol\u00edtica de Privacidad de Iubenda"},"content":{"rendered":"<style>.kb-row-layout-id5206_b7edaf-ba > .kt-row-column-wrap{align-content:start;}:where(.kb-row-layout-id5206_b7edaf-ba > .kt-row-column-wrap) > .wp-block-kadence-column{justify-content:start;}.kb-row-layout-id5206_b7edaf-ba > .kt-row-column-wrap{column-gap:var(--global-kb-gap-md, 2rem);row-gap:var(--global-kb-gap-md, 2rem);padding-top:var(--global-kb-spacing-md, 2rem);padding-right:var(--global-kb-spacing-md, 2rem);padding-bottom:var(--global-kb-spacing-md, 2rem);padding-left:var(--global-kb-spacing-md, 2rem);grid-template-columns:minmax(0, 1fr);}.kb-row-layout-id5206_b7edaf-ba > .kt-row-layout-overlay{opacity:0.30;}@media all and (max-width: 1024px){.kb-row-layout-id5206_b7edaf-ba > .kt-row-column-wrap{grid-template-columns:minmax(0, 1fr);}}@media all and (max-width: 767px){.kb-row-layout-id5206_b7edaf-ba > .kt-row-column-wrap{grid-template-columns:minmax(0, 1fr);}}<\/style><div class=\"kb-row-layout-wrap kb-row-layout-id5206_b7edaf-ba alignnone wp-block-kadence-rowlayout\"><div class=\"kt-row-column-wrap kt-has-1-columns kt-row-layout-equal kt-tab-layout-inherit kt-mobile-layout-row kt-row-valign-top\">\n<style>.kadence-column5206_78d988-1d > .kt-inside-inner-col,.kadence-column5206_78d988-1d > .kt-inside-inner-col:before{border-top-left-radius:0px;border-top-right-radius:0px;border-bottom-right-radius:0px;border-bottom-left-radius:0px;}.kadence-column5206_78d988-1d > .kt-inside-inner-col{column-gap:var(--global-kb-gap-sm, 1rem);}.kadence-column5206_78d988-1d > .kt-inside-inner-col{flex-direction:column;}.kadence-column5206_78d988-1d > .kt-inside-inner-col > .aligncenter{width:100%;}.kadence-column5206_78d988-1d > .kt-inside-inner-col:before{opacity:0.3;}.kadence-column5206_78d988-1d{position:relative;}@media all and (max-width: 1024px){.kadence-column5206_78d988-1d > .kt-inside-inner-col{flex-direction:column;justify-content:center;}}@media all and (max-width: 767px){.kadence-column5206_78d988-1d > .kt-inside-inner-col{flex-direction:column;justify-content:center;}}<\/style>\n<div class=\"wp-block-kadence-column kadence-column5206_78d988-1d\"><div class=\"kt-inside-inner-col\"><style>.wp-block-kadence-advancedheading.kt-adv-heading5206_4c1b04-54, .wp-block-kadence-advancedheading.kt-adv-heading5206_4c1b04-54[data-kb-block=\"kb-adv-heading5206_4c1b04-54\"]{font-style:normal;}.wp-block-kadence-advancedheading.kt-adv-heading5206_4c1b04-54 mark.kt-highlight, .wp-block-kadence-advancedheading.kt-adv-heading5206_4c1b04-54[data-kb-block=\"kb-adv-heading5206_4c1b04-54\"] mark.kt-highlight{font-style:normal;color:#f76a0c;-webkit-box-decoration-break:clone;box-decoration-break:clone;padding-top:0px;padding-right:0px;padding-bottom:0px;padding-left:0px;}.wp-block-kadence-advancedheading.kt-adv-heading5206_4c1b04-54 img.kb-inline-image, .wp-block-kadence-advancedheading.kt-adv-heading5206_4c1b04-54[data-kb-block=\"kb-adv-heading5206_4c1b04-54\"] img.kb-inline-image{width:150px;vertical-align:baseline;}<\/style>\n<h2 class=\"kt-adv-heading5206_4c1b04-54 wp-block-kadence-advancedheading\" data-kb-block=\"kb-adv-heading5206_4c1b04-54\">Pol\u00edtica de Privacidad de Iubenda<\/h2>\n\n\n\n<a href=\"https:\/\/www.iubenda.com\/privacy-policy\/39196365\" class=\"iubenda-black no-brand iubenda-noiframe iubenda-embed\" title=\"Pol\u00edtica de Privacidad \">Pol\u00edtica de Privacidad<\/a><script type=\"text\/javascript\">(function (w,d) {var loader = function () {var s = d.createElement(\"script\"), tag = d.getElementsByTagName(\"script\")[0]; s.src=\"https:\/\/cdn.iubenda.com\/iubenda.js\"; tag.parentNode.insertBefore(s,tag);}; if(w.addEventListener){w.addEventListener(\"load\", loader, false);}else if(w.attachEvent){w.attachEvent(\"onload\", loader);}else{w.onload = loader;}})(window, document);<\/script>\n<\/div><\/div>\n\n<\/div><\/div><style>.kb-row-layout-id5206_7133c8-7a > .kt-row-column-wrap{align-content:start;}:where(.kb-row-layout-id5206_7133c8-7a > .kt-row-column-wrap) > .wp-block-kadence-column{justify-content:start;}.kb-row-layout-id5206_7133c8-7a > .kt-row-column-wrap{column-gap:var(--global-kb-gap-md, 2rem);row-gap:var(--global-kb-gap-md, 2rem);padding-top:var(--global-kb-spacing-md, 2rem);padding-right:var(--global-kb-spacing-md, 2rem);padding-bottom:var(--global-kb-spacing-md, 2rem);padding-left:var(--global-kb-spacing-md, 2rem);grid-template-columns:minmax(0, 1fr);}.kb-row-layout-id5206_7133c8-7a > .kt-row-layout-overlay{opacity:0.30;}@media all and (max-width: 1024px){.kb-row-layout-id5206_7133c8-7a > .kt-row-column-wrap{grid-template-columns:minmax(0, 1fr);}}@media all and (max-width: 767px){.kb-row-layout-id5206_7133c8-7a > .kt-row-column-wrap{grid-template-columns:minmax(0, 1fr);}}<\/style><div class=\"kb-row-layout-wrap kb-row-layout-id5206_7133c8-7a alignnone wp-block-kadence-rowlayout\"><div class=\"kt-row-column-wrap kt-has-1-columns kt-row-layout-equal kt-tab-layout-inherit kt-mobile-layout-row kt-row-valign-top\">\n<style>.kadence-column5206_26cab5-78 > .kt-inside-inner-col,.kadence-column5206_26cab5-78 > .kt-inside-inner-col:before{border-top-left-radius:0px;border-top-right-radius:0px;border-bottom-right-radius:0px;border-bottom-left-radius:0px;}.kadence-column5206_26cab5-78 > .kt-inside-inner-col{column-gap:var(--global-kb-gap-sm, 1rem);}.kadence-column5206_26cab5-78 > .kt-inside-inner-col{flex-direction:column;}.kadence-column5206_26cab5-78 > .kt-inside-inner-col > .aligncenter{width:100%;}.kadence-column5206_26cab5-78 > .kt-inside-inner-col:before{opacity:0.3;}.kadence-column5206_26cab5-78{position:relative;}@media all and (max-width: 1024px){.kadence-column5206_26cab5-78 > .kt-inside-inner-col{flex-direction:column;justify-content:center;}}@media all and (max-width: 767px){.kadence-column5206_26cab5-78 > .kt-inside-inner-col{flex-direction:column;justify-content:center;}}<\/style>\n<div class=\"wp-block-kadence-column kadence-column5206_26cab5-78\"><div class=\"kt-inside-inner-col\"><style>.wp-block-kadence-advancedheading.kt-adv-heading5206_0b2480-52, .wp-block-kadence-advancedheading.kt-adv-heading5206_0b2480-52[data-kb-block=\"kb-adv-heading5206_0b2480-52\"]{font-style:normal;}.wp-block-kadence-advancedheading.kt-adv-heading5206_0b2480-52 mark.kt-highlight, .wp-block-kadence-advancedheading.kt-adv-heading5206_0b2480-52[data-kb-block=\"kb-adv-heading5206_0b2480-52\"] mark.kt-highlight{font-style:normal;color:#f76a0c;-webkit-box-decoration-break:clone;box-decoration-break:clone;padding-top:0px;padding-right:0px;padding-bottom:0px;padding-left:0px;}.wp-block-kadence-advancedheading.kt-adv-heading5206_0b2480-52 img.kb-inline-image, .wp-block-kadence-advancedheading.kt-adv-heading5206_0b2480-52[data-kb-block=\"kb-adv-heading5206_0b2480-52\"] img.kb-inline-image{width:150px;vertical-align:baseline;}<\/style>\n<h2 class=\"kt-adv-heading5206_0b2480-52 wp-block-kadence-advancedheading\" data-kb-block=\"kb-adv-heading5206_0b2480-52\">Pol\u00edtica de Privacidad de Speechgenie<\/h2>\n\n\n\n<a href=\"https:\/\/www.iubenda.com\/privacy-policy\/39196365\/cookie-policy\" class=\"iubenda-black no-brand iubenda-noiframe iubenda-embed\" title=\"Pol\u00edtica de Cookies \">Pol\u00edtica de Cookies<\/a><script type=\"text\/javascript\">(function (w,d) {var loader = function () {var s = d.createElement(\"script\"), tag = d.getElementsByTagName(\"script\")[0]; s.src=\"https:\/\/cdn.iubenda.com\/iubenda.js\"; tag.parentNode.insertBefore(s,tag);}; if(w.addEventListener){w.addEventListener(\"load\", loader, false);}else if(w.attachEvent){w.attachEvent(\"onload\", loader);}else{w.onload = loader;}})(window, document);<\/script>\n<\/div><\/div>\n\n<\/div><\/div>","protected":false},"excerpt":{"rendered":"<p>Pol\u00edtica de Privacidad de Iubenda Pol\u00edtica de Privacidad Pol\u00edtica de Privacidad de Speechgenie Pol\u00edtica de Cookies<\/p>\n","protected":false},"author":4,"featured_media":0,"parent":0,"menu_order":0,"comment_status":"closed","ping_status":"closed","template":"","meta":{"_acf_changed":false,"_kad_blocks_custom_css":"","_kad_blocks_head_custom_js":"","_kad_blocks_body_custom_js":"","_kad_blocks_footer_custom_js":"","_kad_post_transparent":"","_kad_post_title":"","_kad_post_layout":"","_kad_post_sidebar_id":"","_kad_post_content_style":"","_kad_post_vertical_padding":"","_kad_post_feature":"","_kad_post_feature_position":"","_kad_post_header":false,"_kad_post_footer":false,"_kad_post_classname":"","slim_seo":{"title":"Pol\u00edtica de Privacidad de Iubenda - Learn Mandarin Chinese","description":""},"footnotes":""},"class_list":["post-5216","page","type-page","status-publish","hentry"],"acf":[],"taxonomy_info":[],"featured_image_src_large":false,"author_info":{"display_name":"noone","author_link":"https:\/\/s2026.instawp.co\/es\/author\/noone\/"},"comment_info":0,"_links":{"self":[{"href":"https:\/\/s2026.instawp.co\/es\/wp-json\/wp\/v2\/pages\/5216","targetHints":{"allow":["GET"]}}],"collection":[{"href":"https:\/\/s2026.instawp.co\/es\/wp-json\/wp\/v2\/pages"}],"about":[{"href":"https:\/\/s2026.instawp.co\/es\/wp-json\/wp\/v2\/types\/page"}],"author":[{"embeddable":true,"href":"https:\/\/s2026.instawp.co\/es\/wp-json\/wp\/v2\/users\/4"}],"replies":[{"embeddable":true,"href":"https:\/\/s2026.instawp.co\/es\/wp-json\/wp\/v2\/comments?post=5216"}],"version-history":[{"count":2,"href":"https:\/\/s2026.instawp.co\/es\/wp-json\/wp\/v2\/pages\/5216\/revisions"}],"predecessor-version":[{"id":34657,"href":"https:\/\/s2026.instawp.co\/es\/wp-json\/wp\/v2\/pages\/5216\/revisions\/34657"}],"wp:attachment":[{"href":"https:\/\/s2026.instawp.co\/es\/wp-json\/wp\/v2\/media?parent=5216"}],"curies":[{"name":"wp","href":"https:\/\/api.w.org\/{rel}","templated":true}]}}